{"id":12630,"date":"2020-09-09T09:43:28","date_gmt":"2020-09-09T09:43:28","guid":{"rendered":"https:\/\/burgoa-toledo.mx\/producto\/import-placeholder-for-12608\/"},"modified":"2023-07-03T21:39:30","modified_gmt":"2023-07-03T21:39:30","slug":"contabilidad-2","status":"publish","type":"product","link":"https:\/\/burgoa-toledo.mx\/en\/product\/contabilidad-2\/","title":{"rendered":"Accounting"},"content":{"rendered":"<p>As an area from which the financial information emanates from which important decisions are made, our objective is to provide advice and support to optimize the times that the elaboration that such information implies and in this way make it possible to obtain the necessary reports for the decision making, as well as the timely fulfillment of its tax obligations.<\/p>\n<p>Within the information that emanates from this area are the Financial Statements, Balance Sheet, Income Statement and State of Changes in Financial Situation, reports that allow observing the behavior and state of the company, and that for decision making require a simple, practical and easy-to-understand presentation, a situation that we fully understand and that we will gladly contribute to achieve it.<\/p>\n<p>It is important to point out that we have the capacity to carry out your accounting, even outside your company, according to your needs.<\/p>\n<p>This is how the basic points that our Accounting Advisory area offers are:<\/p>\n<ul class=\"vinetas\">\n<li>Debugging and fixes<\/li>\n<li>C\u00e1lculo mensual y anual de contribuciones federales y locales.<\/li>\n<li>Atenci\u00f3n y mantenimiento de notificaciones v\u00eda buz\u00f3n tributario.<\/li>\n<li>Presentaci\u00f3n de declaraciones peri\u00f3dicas.<\/li>\n<li>Presentaci\u00f3n de avisos (cambio de domicilio, DIOT, beneficiario controlador, esquemas reportables, etc.)<\/li>\n<li>Elaboraci\u00f3n de Estados financieros y seguimiento mensual de los mismos.<\/li>\n<li>Registros contables.<\/li>\n<li>Conciliaci\u00f3n bancaria.<\/li>\n<li>Apoyo en la emisi\u00f3n de CFDI (ingresos, egresos y n\u00f3mina).<\/li>\n<li>Valuaci\u00f3n de moneda extranjera.<\/li>\n<li>Revisi\u00f3n de activos.<\/li>\n<li>Papeles de trabajo.<\/li>\n<li>Debida aplicaci\u00f3n de Normas de Informaci\u00f3n Financiera (provisiones, costos, futuros aumentos de capital, etc.).<\/li>\n<li>Debida aplicaci\u00f3n de Normas de Auditor\u00eda.<\/li>\n<\/ul>","protected":false},"excerpt":{"rendered":"<p>Como \u00e1rea de la que emana la informaci\u00f3n financiera con&hellip;<\/p>\n<p> <a class=\"more-link\" href=\"https:\/\/burgoa-toledo.mx\/en\/product\/contabilidad-2\/\">Read more<\/a><\/p>","protected":false},"featured_media":12650,"template":"","meta":[],"yoast_head":"<!-- This site is optimized with the Yoast SEO plugin v14.9 - https:\/\/yoast.com\/wordpress\/plugins\/seo\/ -->\n<title>Contabilidad - Burgoa Toledo &amp; Asociados, S.C.<\/title>\n<meta name=\"robots\" content=\"index, follow, max-snippet:-1, max-image-preview:large, max-video-preview:-1\" \/>\n<link rel=\"canonical\" href=\"https:\/\/burgoa-toledo.mx\/en\/product\/contabilidad-2\/\" \/>\n<meta property=\"og:locale\" content=\"en_US\" \/>\n<meta property=\"og:type\" content=\"article\" \/>\n<meta property=\"og:title\" content=\"Contabilidad - Burgoa Toledo &amp; Asociados, S.C.\" \/>\n<meta property=\"og:description\" content=\"Como \u00e1rea de la que emana la informaci\u00f3n financiera con&hellip;  Read more\" \/>\n<meta property=\"og:url\" content=\"https:\/\/burgoa-toledo.mx\/en\/product\/contabilidad-2\/\" \/>\n<meta property=\"og:site_name\" content=\"Burgoa Toledo &amp; Asociados, S.C.\" \/>\n<meta property=\"article:publisher\" content=\"https:\/\/www.facebook.com\/BurgoaToledoAsoc\/\" \/>\n<meta property=\"article:modified_time\" content=\"2023-07-03T21:39:30+00:00\" \/>\n<meta property=\"og:image\" content=\"https:\/\/burgoa-toledo.mx\/wp-content\/uploads\/2020\/09\/CONTABILIDAD-3-scaled.jpg\" \/>\n\t<meta property=\"og:image:width\" content=\"2560\" \/>\n\t<meta property=\"og:image:height\" content=\"1707\" \/>\n<meta name=\"twitter:card\" content=\"summary_large_image\" \/>\n<meta name=\"twitter:creator\" content=\"@BurgoaToledo\" \/>\n<meta name=\"twitter:site\" content=\"@BurgoaToledo\" \/>\n<script type=\"application\/ld+json\" class=\"yoast-schema-graph\">{\"@context\":\"https:\/\/schema.org\",\"@graph\":[{\"@type\":\"Organization\",\"@id\":\"https:\/\/burgoa-toledo.mx\/en\/#organization\",\"name\":\"Firma Legal | Burgoa, Toledo y Asociados\",\"url\":\"https:\/\/burgoa-toledo.mx\/en\/\",\"sameAs\":[\"https:\/\/www.facebook.com\/BurgoaToledoAsoc\/\",\"https:\/\/www.linkedin.com\/company\/burgoa-toledo-y-asociados\/\",\"https:\/\/twitter.com\/BurgoaToledo\"],\"logo\":{\"@type\":\"ImageObject\",\"@id\":\"https:\/\/burgoa-toledo.mx\/en\/#logo\",\"inLanguage\":\"en-US\",\"url\":\"https:\/\/burgoa-toledo.mx\/wp-content\/uploads\/2020\/09\/LOGO-HD.jpg\",\"width\":386,\"height\":364,\"caption\":\"Firma Legal | Burgoa, Toledo y Asociados\"},\"image\":{\"@id\":\"https:\/\/burgoa-toledo.mx\/en\/#logo\"}},{\"@type\":\"WebSite\",\"@id\":\"https:\/\/burgoa-toledo.mx\/en\/#website\",\"url\":\"https:\/\/burgoa-toledo.mx\/en\/\",\"name\":\"Burgoa Toledo &amp; Asociados, S.C.\",\"description\":\"Consultor\\u00eda y Asesor\\u00eda Legal\",\"publisher\":{\"@id\":\"https:\/\/burgoa-toledo.mx\/en\/#organization\"},\"potentialAction\":[{\"@type\":\"SearchAction\",\"target\":\"https:\/\/burgoa-toledo.mx\/en\/?s={search_term_string}\",\"query-input\":\"required name=search_term_string\"}],\"inLanguage\":\"en-US\"},{\"@type\":\"ImageObject\",\"@id\":\"https:\/\/burgoa-toledo.mx\/producto\/contabilidad-2\/#primaryimage\",\"inLanguage\":\"en-US\",\"url\":\"https:\/\/burgoa-toledo.mx\/wp-content\/uploads\/2020\/09\/CONTABILIDAD-3-scaled.jpg\",\"width\":2560,\"height\":1707,\"caption\":\"business man financial inspector and secretary making report, calculating or checking balance. Internal Revenue Service inspector checking document. Audit concept\"},{\"@type\":\"WebPage\",\"@id\":\"https:\/\/burgoa-toledo.mx\/producto\/contabilidad-2\/#webpage\",\"url\":\"https:\/\/burgoa-toledo.mx\/producto\/contabilidad-2\/\",\"name\":\"Contabilidad - Burgoa Toledo &amp; Asociados, S.C.\",\"isPartOf\":{\"@id\":\"https:\/\/burgoa-toledo.mx\/en\/#website\"},\"primaryImageOfPage\":{\"@id\":\"https:\/\/burgoa-toledo.mx\/producto\/contabilidad-2\/#primaryimage\"},\"datePublished\":\"2020-09-09T09:43:28+00:00\",\"dateModified\":\"2023-07-03T21:39:30+00:00\",\"inLanguage\":\"en-US\",\"potentialAction\":[{\"@type\":\"ReadAction\",\"target\":[\"https:\/\/burgoa-toledo.mx\/producto\/contabilidad-2\/\"]}]}]}<\/script>\n<!-- \/ Yoast SEO plugin. -->","_links":{"self":[{"href":"https:\/\/burgoa-toledo.mx\/en\/wp-json\/wp\/v2\/product\/12630"}],"collection":[{"href":"https:\/\/burgoa-toledo.mx\/en\/wp-json\/wp\/v2\/product"}],"about":[{"href":"https:\/\/burgoa-toledo.mx\/en\/wp-json\/wp\/v2\/types\/product"}],"wp:featuredmedia":[{"embeddable":true,"href":"https:\/\/burgoa-toledo.mx\/en\/wp-json\/wp\/v2\/media\/12650"}],"wp:attachment":[{"href":"https:\/\/burgoa-toledo.mx\/en\/wp-json\/wp\/v2\/media?parent=12630"}],"curies":[{"name":"wp","href":"https:\/\/api.w.org\/{rel}","templated":true}]}}