{"id":12631,"date":"2020-09-09T09:43:29","date_gmt":"2020-09-09T09:43:29","guid":{"rendered":"https:\/\/burgoa-toledo.mx\/producto\/import-placeholder-for-12610\/"},"modified":"2023-07-03T21:41:48","modified_gmt":"2023-07-03T21:41:48","slug":"legal","status":"publish","type":"product","link":"https:\/\/burgoa-toledo.mx\/en\/product\/legal\/","title":{"rendered":"Legal - Corporate"},"content":{"rendered":"<p>Our firm has the most extensive experience in litigation in the tax branch, as well as attention in the Corporate area, understanding the importance that this implies at the equity level, as well as the tranquility in the proper functioning of its operations outside the law.<\/p>\n<p>That is why we put our services at your disposal, which will undoubtedly help you to keep your business activities running smoothly:<\/p>\n<ul>\n<li>Legal - Taxes.<\/li>\n<li>Forgiveness of fines.<\/li>\n<li>Revocation resource.<\/li>\n<li>Judgment of nullity.<\/li>\n<li>Amparo trial and review.<\/li>\n<li>Preparation, formalization and review of minutes of assembly, councils and committees of all types of commercial companies, societies and civil associations.<\/li>\n<li>Management, updating of company records and articles of incorporation, reforms, subsidiaries and powers before the Public Registry of Commerce.<\/li>\n<li>Patents and trademarks and procedures before the Mexican Institute of Industrial Property.\nCopyright.<\/li>\n<li>Copyright.<\/li>\n<li>Registration before Foreign Investments.<\/li>\n<li>Attention to requirements.<\/li>\n<li>Revisi\u00f3n de bases constitutivas y modificaciones (cambio de denominaci\u00f3n, capital, estatutos sociales, etc.).<\/li>\n<li>Asesor\u00eda en convocatoria electr\u00f3nica y celebraci\u00f3n de actas de asamblea ordinarias y extraordinarias.<\/li>\n<li>Revisi\u00f3n, actualizaci\u00f3n y correcci\u00f3n de libros sociales.<\/li>\n<li>Revisi\u00f3n y\/o elaboraci\u00f3n de contratos con clientes y proveedores (compraventa, arrendamiento, maquinaria, consignaci\u00f3n, asociaci\u00f3n en participaci\u00f3n, etc.).<\/li>\n<li>Aviso y permiso expedidos por autoridad delegacional y local (declaraci\u00f3n de apertura de establecimiento mercantil, plan de protecci\u00f3n civil).<\/li>\n<li>Aviso de actividades vulnerables de la Ley para la Prevenci\u00f3n e Identificaci\u00f3n de Operaciones con Recursos de Procedencia Il\u00edcita.<\/li>\n<\/ul>","protected":false},"excerpt":{"rendered":"<p>Nuestra firma cuenta con la m\u00e1s amplia experiencia en litigio&hellip;<\/p>\n<p> <a class=\"more-link\" href=\"https:\/\/burgoa-toledo.mx\/en\/product\/legal\/\">Read more<\/a><\/p>","protected":false},"featured_media":12653,"template":"","meta":[],"yoast_head":"<!-- This site is optimized with the Yoast SEO plugin v14.9 - https:\/\/yoast.com\/wordpress\/plugins\/seo\/ -->\n<title>Legal - Corporativo - Burgoa Toledo &amp; Asociados, S.C.<\/title>\n<meta name=\"robots\" content=\"index, follow, max-snippet:-1, max-image-preview:large, max-video-preview:-1\" \/>\n<link rel=\"canonical\" href=\"https:\/\/burgoa-toledo.mx\/en\/product\/legal\/\" \/>\n<meta property=\"og:locale\" content=\"en_US\" \/>\n<meta property=\"og:type\" content=\"article\" \/>\n<meta property=\"og:title\" content=\"Legal - Corporativo - Burgoa Toledo &amp; Asociados, S.C.\" \/>\n<meta property=\"og:description\" content=\"Nuestra firma cuenta con la m\u00e1s amplia experiencia en litigio&hellip;  Read more\" \/>\n<meta property=\"og:url\" content=\"https:\/\/burgoa-toledo.mx\/en\/product\/legal\/\" \/>\n<meta property=\"og:site_name\" content=\"Burgoa Toledo &amp; Asociados, S.C.\" \/>\n<meta property=\"article:publisher\" content=\"https:\/\/www.facebook.com\/BurgoaToledoAsoc\/\" \/>\n<meta property=\"article:modified_time\" content=\"2023-07-03T21:41:48+00:00\" \/>\n<meta property=\"og:image\" content=\"https:\/\/burgoa-toledo.mx\/wp-content\/uploads\/2020\/09\/LEGAL-2-scaled.jpg\" \/>\n\t<meta property=\"og:image:width\" content=\"2560\" \/>\n\t<meta property=\"og:image:height\" content=\"1709\" \/>\n<meta name=\"twitter:card\" content=\"summary_large_image\" \/>\n<meta name=\"twitter:creator\" content=\"@BurgoaToledo\" \/>\n<meta name=\"twitter:site\" content=\"@BurgoaToledo\" \/>\n<script type=\"application\/ld+json\" class=\"yoast-schema-graph\">{\"@context\":\"https:\/\/schema.org\",\"@graph\":[{\"@type\":\"Organization\",\"@id\":\"https:\/\/burgoa-toledo.mx\/en\/#organization\",\"name\":\"Firma Legal | Burgoa, Toledo y Asociados\",\"url\":\"https:\/\/burgoa-toledo.mx\/en\/\",\"sameAs\":[\"https:\/\/www.facebook.com\/BurgoaToledoAsoc\/\",\"https:\/\/www.linkedin.com\/company\/burgoa-toledo-y-asociados\/\",\"https:\/\/twitter.com\/BurgoaToledo\"],\"logo\":{\"@type\":\"ImageObject\",\"@id\":\"https:\/\/burgoa-toledo.mx\/en\/#logo\",\"inLanguage\":\"en-US\",\"url\":\"https:\/\/burgoa-toledo.mx\/wp-content\/uploads\/2020\/09\/LOGO-HD.jpg\",\"width\":386,\"height\":364,\"caption\":\"Firma Legal | Burgoa, Toledo y Asociados\"},\"image\":{\"@id\":\"https:\/\/burgoa-toledo.mx\/en\/#logo\"}},{\"@type\":\"WebSite\",\"@id\":\"https:\/\/burgoa-toledo.mx\/en\/#website\",\"url\":\"https:\/\/burgoa-toledo.mx\/en\/\",\"name\":\"Burgoa Toledo &amp; Asociados, S.C.\",\"description\":\"Consultor\\u00eda y Asesor\\u00eda Legal\",\"publisher\":{\"@id\":\"https:\/\/burgoa-toledo.mx\/en\/#organization\"},\"potentialAction\":[{\"@type\":\"SearchAction\",\"target\":\"https:\/\/burgoa-toledo.mx\/en\/?s={search_term_string}\",\"query-input\":\"required name=search_term_string\"}],\"inLanguage\":\"en-US\"},{\"@type\":\"ImageObject\",\"@id\":\"https:\/\/burgoa-toledo.mx\/producto\/legal\/#primaryimage\",\"inLanguage\":\"en-US\",\"url\":\"https:\/\/burgoa-toledo.mx\/wp-content\/uploads\/2020\/09\/LEGAL-2-scaled.jpg\",\"width\":2560,\"height\":1709},{\"@type\":\"WebPage\",\"@id\":\"https:\/\/burgoa-toledo.mx\/producto\/legal\/#webpage\",\"url\":\"https:\/\/burgoa-toledo.mx\/producto\/legal\/\",\"name\":\"Legal - Corporativo - Burgoa Toledo &amp; Asociados, S.C.\",\"isPartOf\":{\"@id\":\"https:\/\/burgoa-toledo.mx\/en\/#website\"},\"primaryImageOfPage\":{\"@id\":\"https:\/\/burgoa-toledo.mx\/producto\/legal\/#primaryimage\"},\"datePublished\":\"2020-09-09T09:43:29+00:00\",\"dateModified\":\"2023-07-03T21:41:48+00:00\",\"inLanguage\":\"en-US\",\"potentialAction\":[{\"@type\":\"ReadAction\",\"target\":[\"https:\/\/burgoa-toledo.mx\/producto\/legal\/\"]}]}]}<\/script>\n<!-- \/ Yoast SEO plugin. -->","_links":{"self":[{"href":"https:\/\/burgoa-toledo.mx\/en\/wp-json\/wp\/v2\/product\/12631"}],"collection":[{"href":"https:\/\/burgoa-toledo.mx\/en\/wp-json\/wp\/v2\/product"}],"about":[{"href":"https:\/\/burgoa-toledo.mx\/en\/wp-json\/wp\/v2\/types\/product"}],"wp:featuredmedia":[{"embeddable":true,"href":"https:\/\/burgoa-toledo.mx\/en\/wp-json\/wp\/v2\/media\/12653"}],"wp:attachment":[{"href":"https:\/\/burgoa-toledo.mx\/en\/wp-json\/wp\/v2\/media?parent=12631"}],"curies":[{"name":"wp","href":"https:\/\/api.w.org\/{rel}","templated":true}]}}