{"id":12635,"date":"2020-09-09T09:43:29","date_gmt":"2020-09-09T09:43:29","guid":{"rendered":"https:\/\/burgoa-toledo.mx\/producto\/import-placeholder-for-12618\/"},"modified":"2023-07-03T21:34:40","modified_gmt":"2023-07-03T21:34:40","slug":"litigio-fiscal","status":"publish","type":"product","link":"https:\/\/burgoa-toledo.mx\/en\/product\/litigio-fiscal\/","title":{"rendered":"Taxes"},"content":{"rendered":"<p>As this area is the most important in terms of timely compliance with tax obligations before the SAT and the financial impact that this implies, it is of special interest to timely serve our clients to meet the requirements of the tax authorities, the correct interpretation of tax provisions, as well as keeping them up to date on updating them.<\/p>\n<p>This is how the basic points that our Tax Advice area offers are:.<\/p>\n<ul>\n<li>Refund and Compensation of Taxes.<\/li>\n<li>Home visities.<\/li>\n<li>Acts of inspection.<\/li>\n<li>Cancellation of requirements.<\/li>\n<li>Provisional payments.<\/li>\n<li>Annual declarations.<\/li>\n<li>Complementary declarations by opinion.<\/li>\n<li>Informative statements.<\/li>\n<li>Tax update.<\/li>\n<li>Avisos al Registro Federal de Contribuyentes.<\/li>\n<li>Cumplimiento de obligaciones ante autoridades fiscales federales y locales.<\/li>\n<li>Atenci\u00f3n de requerimientos, invitaciones, auditor\u00edas y promoci\u00f3n de acuerdos conclusivos ante PRODECON.<\/li>\n<li>Solicitudes de devoluci\u00f3n, avisos de compensaci\u00f3n y consultas ante SAT, IMSS o PRODECON.<\/li>\n<li>Regularizaci\u00f3n de la situaci\u00f3n fiscal (ante eventuales inconsistencias).<\/li>\n<li>Cumplimiento ante proveedores REPSE y sus avisos.<\/li>\n<li>Actualizaci\u00f3n fiscal (criterios no vinculativos, criterios normativos, etc.).<\/li>\n<li>An\u00e1lisis de documentaci\u00f3n comprobatoria.<\/li>\n<li>Asesor\u00eda en impuestos y tratados internacionales.<\/li>\n<li>Procedimientos contenciosos ante tribunales locales y federales.<\/li>\n<li>Procedimientos consensuales ante PRODECON.<\/li>\n<\/ul>","protected":false},"excerpt":{"rendered":"<p>Siendo esta \u00e1rea la de mayor importancia por cuanto se&hellip;<\/p>\n<p> <a class=\"more-link\" href=\"https:\/\/burgoa-toledo.mx\/en\/product\/litigio-fiscal\/\">Read more<\/a><\/p>","protected":false},"featured_media":12651,"template":"","meta":[],"yoast_head":"<!-- This site is optimized with the Yoast SEO plugin v14.9 - https:\/\/yoast.com\/wordpress\/plugins\/seo\/ -->\n<title>Litigio Fiscal - Burgoa Toledo &amp; Asociados, S.C.<\/title>\n<meta name=\"robots\" content=\"index, follow, max-snippet:-1, max-image-preview:large, max-video-preview:-1\" \/>\n<link rel=\"canonical\" href=\"https:\/\/burgoa-toledo.mx\/en\/product\/litigio-fiscal\/\" \/>\n<meta property=\"og:locale\" content=\"en_US\" \/>\n<meta property=\"og:type\" content=\"article\" \/>\n<meta property=\"og:title\" content=\"Litigio Fiscal - Burgoa Toledo &amp; Asociados, S.C.\" \/>\n<meta property=\"og:description\" content=\"Siendo esta \u00e1rea la de mayor importancia por cuanto se&hellip;  Read more\" \/>\n<meta property=\"og:url\" content=\"https:\/\/burgoa-toledo.mx\/en\/product\/litigio-fiscal\/\" \/>\n<meta property=\"og:site_name\" content=\"Burgoa Toledo &amp; Asociados, S.C.\" \/>\n<meta property=\"article:publisher\" content=\"https:\/\/www.facebook.com\/BurgoaToledoAsoc\/\" \/>\n<meta property=\"article:modified_time\" content=\"2023-07-03T21:34:40+00:00\" \/>\n<meta property=\"og:image\" content=\"https:\/\/burgoa-toledo.mx\/wp-content\/uploads\/2020\/09\/FISCAL-1.jpg\" \/>\n\t<meta property=\"og:image:width\" content=\"1280\" \/>\n\t<meta property=\"og:image:height\" content=\"960\" \/>\n<meta name=\"twitter:card\" content=\"summary_large_image\" \/>\n<meta name=\"twitter:creator\" content=\"@BurgoaToledo\" \/>\n<meta name=\"twitter:site\" content=\"@BurgoaToledo\" \/>\n<script type=\"application\/ld+json\" class=\"yoast-schema-graph\">{\"@context\":\"https:\/\/schema.org\",\"@graph\":[{\"@type\":\"Organization\",\"@id\":\"https:\/\/burgoa-toledo.mx\/en\/#organization\",\"name\":\"Firma Legal | Burgoa, Toledo y Asociados\",\"url\":\"https:\/\/burgoa-toledo.mx\/en\/\",\"sameAs\":[\"https:\/\/www.facebook.com\/BurgoaToledoAsoc\/\",\"https:\/\/www.linkedin.com\/company\/burgoa-toledo-y-asociados\/\",\"https:\/\/twitter.com\/BurgoaToledo\"],\"logo\":{\"@type\":\"ImageObject\",\"@id\":\"https:\/\/burgoa-toledo.mx\/en\/#logo\",\"inLanguage\":\"en-US\",\"url\":\"https:\/\/burgoa-toledo.mx\/wp-content\/uploads\/2020\/09\/LOGO-HD.jpg\",\"width\":386,\"height\":364,\"caption\":\"Firma Legal | Burgoa, Toledo y Asociados\"},\"image\":{\"@id\":\"https:\/\/burgoa-toledo.mx\/en\/#logo\"}},{\"@type\":\"WebSite\",\"@id\":\"https:\/\/burgoa-toledo.mx\/en\/#website\",\"url\":\"https:\/\/burgoa-toledo.mx\/en\/\",\"name\":\"Burgoa Toledo &amp; Asociados, S.C.\",\"description\":\"Consultor\\u00eda y Asesor\\u00eda Legal\",\"publisher\":{\"@id\":\"https:\/\/burgoa-toledo.mx\/en\/#organization\"},\"potentialAction\":[{\"@type\":\"SearchAction\",\"target\":\"https:\/\/burgoa-toledo.mx\/en\/?s={search_term_string}\",\"query-input\":\"required name=search_term_string\"}],\"inLanguage\":\"en-US\"},{\"@type\":\"ImageObject\",\"@id\":\"https:\/\/burgoa-toledo.mx\/producto\/litigio-fiscal\/#primaryimage\",\"inLanguage\":\"en-US\",\"url\":\"https:\/\/burgoa-toledo.mx\/wp-content\/uploads\/2020\/09\/FISCAL-1.jpg\",\"width\":1280,\"height\":960},{\"@type\":\"WebPage\",\"@id\":\"https:\/\/burgoa-toledo.mx\/producto\/litigio-fiscal\/#webpage\",\"url\":\"https:\/\/burgoa-toledo.mx\/producto\/litigio-fiscal\/\",\"name\":\"Litigio Fiscal - Burgoa Toledo &amp; Asociados, S.C.\",\"isPartOf\":{\"@id\":\"https:\/\/burgoa-toledo.mx\/en\/#website\"},\"primaryImageOfPage\":{\"@id\":\"https:\/\/burgoa-toledo.mx\/producto\/litigio-fiscal\/#primaryimage\"},\"datePublished\":\"2020-09-09T09:43:29+00:00\",\"dateModified\":\"2023-07-03T21:34:40+00:00\",\"inLanguage\":\"en-US\",\"potentialAction\":[{\"@type\":\"ReadAction\",\"target\":[\"https:\/\/burgoa-toledo.mx\/producto\/litigio-fiscal\/\"]}]}]}<\/script>\n<!-- \/ Yoast SEO plugin. -->","_links":{"self":[{"href":"https:\/\/burgoa-toledo.mx\/en\/wp-json\/wp\/v2\/product\/12635"}],"collection":[{"href":"https:\/\/burgoa-toledo.mx\/en\/wp-json\/wp\/v2\/product"}],"about":[{"href":"https:\/\/burgoa-toledo.mx\/en\/wp-json\/wp\/v2\/types\/product"}],"wp:featuredmedia":[{"embeddable":true,"href":"https:\/\/burgoa-toledo.mx\/en\/wp-json\/wp\/v2\/media\/12651"}],"wp:attachment":[{"href":"https:\/\/burgoa-toledo.mx\/en\/wp-json\/wp\/v2\/media?parent=12635"}],"curies":[{"name":"wp","href":"https:\/\/api.w.org\/{rel}","templated":true}]}}